{"id":6632,"date":"2025-05-22T11:49:21","date_gmt":"2025-05-22T09:49:21","guid":{"rendered":"https:\/\/anaolabarripaisajista.es\/contacto\/"},"modified":"2025-09-29T11:46:23","modified_gmt":"2025-09-29T09:46:23","slug":"contact","status":"publish","type":"page","link":"https:\/\/anaolabarripaisajista.es\/en\/contact\/","title":{"rendered":"Contact"},"content":{"rendered":"\t\t<div data-elementor-type=\"wp-page\" data-elementor-id=\"6632\" class=\"elementor elementor-6632 elementor-3612\">\n\t\t\t\t\t\t<section data-img-position=\"\" class=\"elementor-section elementor-top-section elementor-element elementor-element-e34a4d9 elementor-section-boxed elementor-section-height-default elementor-section-height-default\" data-id=\"e34a4d9\" data-element_type=\"section\" data-settings=\"{&quot;background_background&quot;:&quot;classic&quot;,&quot;aos_animation_name&quot;:&quot;none&quot;}\">\n\t\t\t\t\t\t<div class=\"elementor-container elementor-column-gap-extended\">\n\t\t\t\t\t<div data-img-position=\"\" class=\"elementor-column elementor-col-100 elementor-top-column elementor-element elementor-element-0e512f4\" data-id=\"0e512f4\" data-element_type=\"column\" data-settings=\"{&quot;aos_animation_name&quot;:&quot;none&quot;}\">\n\t\t\t<div class=\"elementor-widget-wrap elementor-element-populated\">\n\t\t\t\t\t\t<div class=\"elementor-element elementor-element-a5a63e9 elementor-widget elementor-widget-vlt-spacer\" data-id=\"a5a63e9\" data-element_type=\"widget\" data-settings=\"{&quot;aos_animation_name&quot;:&quot;none&quot;}\" data-widget_type=\"vlt-spacer.default\">\n\t\t\t\t<div class=\"elementor-widget-container\">\n\t\t\t\t\t\n\t\t<div class=\"vlt-spacer\"><\/div>\n\n\t\t\t\t\t\t<\/div>\n\t\t\t\t<\/div>\n\t\t\t\t\t<\/div>\n\t\t<\/div>\n\t\t\t\t\t<\/div>\n\t\t<\/section>\n\t\t\t\t<section data-img-position=\"\" class=\"elementor-section elementor-top-section elementor-element elementor-element-3c5b468 elementor-section-boxed elementor-section-height-default elementor-section-height-default\" data-id=\"3c5b468\" data-element_type=\"section\" data-settings=\"{&quot;aos_animation_name&quot;:&quot;none&quot;}\">\n\t\t\t\t\t\t<div class=\"elementor-container elementor-column-gap-extended\">\n\t\t\t\t\t<div data-img-position=\"\" class=\"elementor-column elementor-col-50 elementor-top-column elementor-element elementor-element-7246d9b\" data-id=\"7246d9b\" data-element_type=\"column\" data-settings=\"{&quot;aos_animation_name&quot;:&quot;none&quot;}\">\n\t\t\t<div class=\"elementor-widget-wrap elementor-element-populated\">\n\t\t\t\t\t\t<div class=\"elementor-element elementor-element-ecce946 elementor-widget elementor-widget-vlt-contact-box\" data-id=\"ecce946\" data-element_type=\"widget\" data-settings=\"{&quot;aos_animation_name&quot;:&quot;none&quot;}\" data-widget_type=\"vlt-contact-box.default\">\n\t\t\t\t<div class=\"elementor-widget-container\">\n\t\t\t\t\t\n\t\t<div class=\"vlt-contact-box\">\n\n\t\t\t\n\t\t\t<div class=\"vlt-contact-box__content\">\n\n\t\t\t\t\n\t\t\t\t\t<h3 class=\"vlt-contact-box__title\">\n\n\t\t\t\t\t\tContact information\n\t\t\t\t\t<\/h3>\n\n\t\t\t\t\n\t\t\t\t\n\t\t\t\t\t<div class=\"vlt-contact-box__text\"><p>Email: <a class=\"css-1rn59kg\" title=\"mailto:aolabarri@gmail.com\" href=\"mailto:aolabarri@gmail.com\" data-testid=\"link-with-safety\" data-renderer-mark=\"true\">aolabarri@gmail.com<\/a><br \/>Phone: <a href=\"tel:+34 652 753 390\">+34 652753390<\/a><\/p><\/div>\n\n\t\t\t\t\n\t\t\t<\/div>\n\n\t\t<\/div>\n\n\t\t\t\t\t<\/div>\n\t\t\t\t<\/div>\n\t\t\t\t\t<\/div>\n\t\t<\/div>\n\t\t\t\t<div data-img-position=\"\" class=\"elementor-column elementor-col-50 elementor-top-column elementor-element elementor-element-c9fe92d\" data-id=\"c9fe92d\" data-element_type=\"column\" data-settings=\"{&quot;aos_animation_name&quot;:&quot;none&quot;}\">\n\t\t\t<div class=\"elementor-widget-wrap elementor-element-populated\">\n\t\t\t\t\t\t<div data-aos=\"custom\" data-aos-delay=\"300\" data-aos-once=\"true\" class=\"elementor-element elementor-element-1b143a0 elementor-widget elementor-widget-vlt-contact-form-7\" data-id=\"1b143a0\" data-element_type=\"widget\" data-settings=\"{&quot;aos_animation_name&quot;:&quot;custom&quot;}\" data-widget_type=\"vlt-contact-form-7.default\">\n\t\t\t\t<div class=\"elementor-widget-container\">\n\t\t\t\t\t\n\t\t<div class=\"vlt-contact-form-7\">\n\n\t\t\t\n<div class=\"wpcf7 no-js\" id=\"wpcf7-f6642-o1\" lang=\"en-US\" dir=\"ltr\" data-wpcf7-id=\"6642\">\n<div class=\"screen-reader-response\"><p role=\"status\" aria-live=\"polite\" aria-atomic=\"true\"><\/p> <ul><\/ul><\/div>\n<form action=\"\/en\/wp-json\/wp\/v2\/pages\/6632#wpcf7-f6642-o1\" method=\"post\" class=\"wpcf7-form init\" aria-label=\"Contact form\" novalidate=\"novalidate\" data-status=\"init\">\n<div style=\"display: none;\">\n<input type=\"hidden\" name=\"_wpcf7\" value=\"6642\" \/>\n<input type=\"hidden\" name=\"_wpcf7_version\" value=\"6.0.6\" \/>\n<input type=\"hidden\" name=\"_wpcf7_locale\" value=\"en_US\" \/>\n<input type=\"hidden\" name=\"_wpcf7_unit_tag\" value=\"wpcf7-f6642-o1\" \/>\n<input type=\"hidden\" name=\"_wpcf7_container_post\" value=\"0\" \/>\n<input type=\"hidden\" name=\"_wpcf7_posted_data_hash\" value=\"\" \/>\n<\/div>\n<div class=\"vlt-form-row two-col\">\n  <div class=\"vlt-form-group vlt-form-group--lg\"><span class=\"wpcf7-form-control-wrap\" data-name=\"your-name\"><input size=\"40\" maxlength=\"400\" class=\"wpcf7-form-control wpcf7-text wpcf7-validates-as-required style-2\" aria-required=\"true\" aria-invalid=\"false\" placeholder=\"Your Name *\" value=\"\" type=\"text\" name=\"your-name\" \/><\/span><\/div>\n  <div class=\"vlt-form-group vlt-form-group--lg\"><span class=\"wpcf7-form-control-wrap\" data-name=\"your-email\"><input size=\"40\" maxlength=\"400\" class=\"wpcf7-form-control wpcf7-email wpcf7-validates-as-required wpcf7-text wpcf7-validates-as-email style-2\" aria-required=\"true\" aria-invalid=\"false\" placeholder=\"Your Email *\" value=\"\" type=\"email\" name=\"your-email\" \/><\/span><\/div>\n<\/div>\n<div class=\"vlt-form-group vlt-form-group--lg mb-0\"><span class=\"wpcf7-form-control-wrap\" data-name=\"message\"><textarea cols=\"40\" rows=\"1\" maxlength=\"2000\" class=\"wpcf7-form-control wpcf7-textarea wpcf7-validates-as-required style-2\" aria-required=\"true\" aria-invalid=\"false\" placeholder=\"Message *\" name=\"message\"><\/textarea><\/span><\/div>\n<div>\n  <span class=\"wpcf7-form-control-wrap\" data-name=\"acceptance-lssi\"><span class=\"wpcf7-form-control wpcf7-acceptance\"><span class=\"wpcf7-list-item\"><label><input type=\"checkbox\" name=\"acceptance-lssi\" value=\"1\" aria-invalid=\"false\" \/><span class=\"wpcf7-list-item-label\">I have read and accept the Legal Notice and the Privacy Policy.<\/span><\/label><\/span><\/span><\/span>\n<\/div>\n<div class=\"vlt-form-group mb-0 mt-60\">\n <button class=\"vlt-btn vlt-btn--primary vlt-btn--ball\">Send<\/button>\n<\/div><div class=\"wpcf7-response-output\" aria-hidden=\"true\"><\/div>\n<\/form>\n<\/div>\n\n\t\t<\/div>\n\n\t\t\t\t\t\t<\/div>\n\t\t\t\t<\/div>\n\t\t\t\t\t<\/div>\n\t\t<\/div>\n\t\t\t\t\t<\/div>\n\t\t<\/section>\n\t\t\t\t<\/div>\n\t\t","protected":false},"excerpt":{"rendered":"<p>Informaci\u00f3n de contacto Email: aolabarri@gmail.comPhone: +34 652753390 He le\u00eddo y acepto el Aviso Legal y la Pol\u00edtica de Privacidad. Enviar<\/p>\n","protected":false},"author":1,"featured_media":6572,"parent":0,"menu_order":0,"comment_status":"closed","ping_status":"closed","template":"template-custom-page.php","meta":{"_acf_changed":false,"_vp_format_video_url":"","_vp_image_focal_point":[],"footnotes":""},"class_list":["post-6632","page","type-page","status-publish","has-post-thumbnail","hentry"],"acf":[],"yoast_head":"<!-- This site is optimized with the Yoast SEO plugin v25.1 - https:\/\/yoast.com\/wordpress\/plugins\/seo\/ -->\n<title>Contact - Ana Olabarri - Landscaping and garden design<\/title>\n<meta name=\"description\" content=\"Get in touch to transform your terrace, patio or garden. As a landscaper and garden coach, I accompany you every step of the way towards a vibrant, living space.\" \/>\n<meta name=\"robots\" content=\"index, follow, max-snippet:-1, max-image-preview:large, max-video-preview:-1\" \/>\n<link rel=\"canonical\" href=\"https:\/\/anaolabarripaisajista.es\/en\/contact\/\" \/>\n<meta property=\"og:locale\" content=\"en_US\" \/>\n<meta property=\"og:type\" content=\"article\" \/>\n<meta property=\"og:title\" content=\"Contact - Ana Olabarri - Landscaping and garden design\" \/>\n<meta property=\"og:description\" content=\"Get in touch to transform your terrace, patio or garden. As a landscaper and garden coach, I accompany you every step of the way towards a vibrant, living space.\" \/>\n<meta property=\"og:url\" content=\"https:\/\/anaolabarripaisajista.es\/en\/contact\/\" \/>\n<meta property=\"og:site_name\" content=\"Ana Olabarri\" \/>\n<meta property=\"article:modified_time\" content=\"2025-09-29T09:46:23+00:00\" \/>\n<meta property=\"og:image\" content=\"https:\/\/anaolabarripaisajista.es\/wp-content\/uploads\/2025\/09\/Imagen-Ana-Olabarri-1024x1024.png\" \/>\n\t<meta property=\"og:image:width\" content=\"1024\" \/>\n\t<meta property=\"og:image:height\" content=\"1024\" \/>\n\t<meta property=\"og:image:type\" content=\"image\/png\" \/>\n<meta name=\"twitter:card\" content=\"summary_large_image\" \/>\n<meta name=\"twitter:label1\" content=\"Est. reading time\" \/>\n\t<meta name=\"twitter:data1\" content=\"1 minute\" \/>\n<script type=\"application\/ld+json\" class=\"yoast-schema-graph\">{\"@context\":\"https:\/\/schema.org\",\"@graph\":[{\"@type\":\"WebPage\",\"@id\":\"https:\/\/anaolabarripaisajista.es\/en\/contact\/\",\"url\":\"https:\/\/anaolabarripaisajista.es\/en\/contact\/\",\"name\":\"Contact - Ana Olabarri - Landscaping and garden design\",\"isPartOf\":{\"@id\":\"https:\/\/anaolabarripaisajista.es\/en\/#website\"},\"primaryImageOfPage\":{\"@id\":\"https:\/\/anaolabarripaisajista.es\/en\/contact\/#primaryimage\"},\"image\":{\"@id\":\"https:\/\/anaolabarripaisajista.es\/en\/contact\/#primaryimage\"},\"thumbnailUrl\":\"https:\/\/anaolabarripaisajista.es\/wp-content\/uploads\/2025\/09\/Imagen-Ana-Olabarri.png\",\"datePublished\":\"2025-05-22T09:49:21+00:00\",\"dateModified\":\"2025-09-29T09:46:23+00:00\",\"description\":\"Get in touch to transform your terrace, patio or garden. As a landscaper and garden coach, I accompany you every step of the way towards a vibrant, living space.\",\"breadcrumb\":{\"@id\":\"https:\/\/anaolabarripaisajista.es\/en\/contact\/#breadcrumb\"},\"inLanguage\":\"en-US\",\"potentialAction\":[{\"@type\":\"ReadAction\",\"target\":[\"https:\/\/anaolabarripaisajista.es\/en\/contact\/\"]}]},{\"@type\":\"ImageObject\",\"inLanguage\":\"en-US\",\"@id\":\"https:\/\/anaolabarripaisajista.es\/en\/contact\/#primaryimage\",\"url\":\"https:\/\/anaolabarripaisajista.es\/wp-content\/uploads\/2025\/09\/Imagen-Ana-Olabarri.png\",\"contentUrl\":\"https:\/\/anaolabarripaisajista.es\/wp-content\/uploads\/2025\/09\/Imagen-Ana-Olabarri.png\",\"width\":1080,\"height\":1080,\"caption\":\"Imagen-Ana-Olabarri\"},{\"@type\":\"BreadcrumbList\",\"@id\":\"https:\/\/anaolabarripaisajista.es\/en\/contact\/#breadcrumb\",\"itemListElement\":[{\"@type\":\"ListItem\",\"position\":1,\"name\":\"Portada\",\"item\":\"https:\/\/anaolabarripaisajista.es\/en\/\"},{\"@type\":\"ListItem\",\"position\":2,\"name\":\"Contact\"}]},{\"@type\":\"WebSite\",\"@id\":\"https:\/\/anaolabarripaisajista.es\/en\/#website\",\"url\":\"https:\/\/anaolabarripaisajista.es\/en\/\",\"name\":\"Ana Olabarri\",\"description\":\"Paisajismo y dise\u00f1o de jardines\",\"potentialAction\":[{\"@type\":\"SearchAction\",\"target\":{\"@type\":\"EntryPoint\",\"urlTemplate\":\"https:\/\/anaolabarripaisajista.es\/en\/?s={search_term_string}\"},\"query-input\":{\"@type\":\"PropertyValueSpecification\",\"valueRequired\":true,\"valueName\":\"search_term_string\"}}],\"inLanguage\":\"en-US\"}]}<\/script>\n<!-- \/ Yoast SEO plugin. -->","yoast_head_json":{"title":"Contact - Ana Olabarri - Landscaping and garden design","description":"Get in touch to transform your terrace, patio or garden. As a landscaper and garden coach, I accompany you every step of the way towards a vibrant, living space.","robots":{"index":"index","follow":"follow","max-snippet":"max-snippet:-1","max-image-preview":"max-image-preview:large","max-video-preview":"max-video-preview:-1"},"canonical":"https:\/\/anaolabarripaisajista.es\/en\/contact\/","og_locale":"en_US","og_type":"article","og_title":"Contact - Ana Olabarri - Landscaping and garden design","og_description":"Get in touch to transform your terrace, patio or garden. As a landscaper and garden coach, I accompany you every step of the way towards a vibrant, living space.","og_url":"https:\/\/anaolabarripaisajista.es\/en\/contact\/","og_site_name":"Ana Olabarri","article_modified_time":"2025-09-29T09:46:23+00:00","og_image":[{"width":1024,"height":1024,"url":"https:\/\/anaolabarripaisajista.es\/wp-content\/uploads\/2025\/09\/Imagen-Ana-Olabarri-1024x1024.png","type":"image\/png"}],"twitter_card":"summary_large_image","twitter_misc":{"Est. reading time":"1 minute"},"schema":{"@context":"https:\/\/schema.org","@graph":[{"@type":"WebPage","@id":"https:\/\/anaolabarripaisajista.es\/en\/contact\/","url":"https:\/\/anaolabarripaisajista.es\/en\/contact\/","name":"Contact - Ana Olabarri - Landscaping and garden design","isPartOf":{"@id":"https:\/\/anaolabarripaisajista.es\/en\/#website"},"primaryImageOfPage":{"@id":"https:\/\/anaolabarripaisajista.es\/en\/contact\/#primaryimage"},"image":{"@id":"https:\/\/anaolabarripaisajista.es\/en\/contact\/#primaryimage"},"thumbnailUrl":"https:\/\/anaolabarripaisajista.es\/wp-content\/uploads\/2025\/09\/Imagen-Ana-Olabarri.png","datePublished":"2025-05-22T09:49:21+00:00","dateModified":"2025-09-29T09:46:23+00:00","description":"Get in touch to transform your terrace, patio or garden. As a landscaper and garden coach, I accompany you every step of the way towards a vibrant, living space.","breadcrumb":{"@id":"https:\/\/anaolabarripaisajista.es\/en\/contact\/#breadcrumb"},"inLanguage":"en-US","potentialAction":[{"@type":"ReadAction","target":["https:\/\/anaolabarripaisajista.es\/en\/contact\/"]}]},{"@type":"ImageObject","inLanguage":"en-US","@id":"https:\/\/anaolabarripaisajista.es\/en\/contact\/#primaryimage","url":"https:\/\/anaolabarripaisajista.es\/wp-content\/uploads\/2025\/09\/Imagen-Ana-Olabarri.png","contentUrl":"https:\/\/anaolabarripaisajista.es\/wp-content\/uploads\/2025\/09\/Imagen-Ana-Olabarri.png","width":1080,"height":1080,"caption":"Imagen-Ana-Olabarri"},{"@type":"BreadcrumbList","@id":"https:\/\/anaolabarripaisajista.es\/en\/contact\/#breadcrumb","itemListElement":[{"@type":"ListItem","position":1,"name":"Portada","item":"https:\/\/anaolabarripaisajista.es\/en\/"},{"@type":"ListItem","position":2,"name":"Contact"}]},{"@type":"WebSite","@id":"https:\/\/anaolabarripaisajista.es\/en\/#website","url":"https:\/\/anaolabarripaisajista.es\/en\/","name":"Ana Olabarri","description":"Paisajismo y dise\u00f1o de jardines","potentialAction":[{"@type":"SearchAction","target":{"@type":"EntryPoint","urlTemplate":"https:\/\/anaolabarripaisajista.es\/en\/?s={search_term_string}"},"query-input":{"@type":"PropertyValueSpecification","valueRequired":true,"valueName":"search_term_string"}}],"inLanguage":"en-US"}]}},"_links":{"self":[{"href":"https:\/\/anaolabarripaisajista.es\/en\/wp-json\/wp\/v2\/pages\/6632","targetHints":{"allow":["GET"]}}],"collection":[{"href":"https:\/\/anaolabarripaisajista.es\/en\/wp-json\/wp\/v2\/pages"}],"about":[{"href":"https:\/\/anaolabarripaisajista.es\/en\/wp-json\/wp\/v2\/types\/page"}],"author":[{"embeddable":true,"href":"https:\/\/anaolabarripaisajista.es\/en\/wp-json\/wp\/v2\/users\/1"}],"replies":[{"embeddable":true,"href":"https:\/\/anaolabarripaisajista.es\/en\/wp-json\/wp\/v2\/comments?post=6632"}],"version-history":[{"count":5,"href":"https:\/\/anaolabarripaisajista.es\/en\/wp-json\/wp\/v2\/pages\/6632\/revisions"}],"predecessor-version":[{"id":6637,"href":"https:\/\/anaolabarripaisajista.es\/en\/wp-json\/wp\/v2\/pages\/6632\/revisions\/6637"}],"wp:featuredmedia":[{"embeddable":true,"href":"https:\/\/anaolabarripaisajista.es\/en\/wp-json\/wp\/v2\/media\/6572"}],"wp:attachment":[{"href":"https:\/\/anaolabarripaisajista.es\/en\/wp-json\/wp\/v2\/media?parent=6632"}],"curies":[{"name":"wp","href":"https:\/\/api.w.org\/{rel}","templated":true}]}}